{"id":286,"date":"2020-04-16T19:26:36","date_gmt":"2020-04-16T17:26:36","guid":{"rendered":"http:\/\/asvagney.phpnet.org\/wordpress\/wordpress\/?page_id=286"},"modified":"2025-09-15T08:33:45","modified_gmt":"2025-09-15T06:33:45","slug":"cotisation","status":"publish","type":"page","link":"https:\/\/asvagney.phpnet.org\/wordpress\/wordpress\/cotisation\/","title":{"rendered":"Cotisation : Saison 2025-2026"},"content":{"rendered":"\n<p>Le montant des cotisations est de 50 euros pour les jeunes et 70 euros pour les joueurs.<\/p>\n\n\n\n<p>La cotisation comprend : licence + \u00e9quipements <\/p>\n\n\n\n<p>R\u00e8glement \u00e0 remettre au dirigeant en m\u00eame temps que la licence.<\/p>\n","protected":false},"excerpt":{"rendered":"<p>Le montant des cotisations est de 50 euros pour les jeunes et 70 euros pour les joueurs. La cotisation comprend : licence + \u00e9quipements R\u00e8glement \u00e0 remettre au dirigeant en m\u00eame temps que la licence.<\/p>\n","protected":false},"author":1,"featured_media":0,"parent":0,"menu_order":0,"comment_status":"closed","ping_status":"closed","template":"","meta":{"spay_email":"","footnotes":""},"class_list":["post-286","page","type-page","status-publish","hentry"],"_links":{"self":[{"href":"https:\/\/asvagney.phpnet.org\/wordpress\/wordpress\/wp-json\/wp\/v2\/pages\/286","targetHints":{"allow":["GET"]}}],"collection":[{"href":"https:\/\/asvagney.phpnet.org\/wordpress\/wordpress\/wp-json\/wp\/v2\/pages"}],"about":[{"href":"https:\/\/asvagney.phpnet.org\/wordpress\/wordpress\/wp-json\/wp\/v2\/types\/page"}],"author":[{"embeddable":true,"href":"https:\/\/asvagney.phpnet.org\/wordpress\/wordpress\/wp-json\/wp\/v2\/users\/1"}],"replies":[{"embeddable":true,"href":"https:\/\/asvagney.phpnet.org\/wordpress\/wordpress\/wp-json\/wp\/v2\/comments?post=286"}],"version-history":[{"count":6,"href":"https:\/\/asvagney.phpnet.org\/wordpress\/wordpress\/wp-json\/wp\/v2\/pages\/286\/revisions"}],"predecessor-version":[{"id":6508,"href":"https:\/\/asvagney.phpnet.org\/wordpress\/wordpress\/wp-json\/wp\/v2\/pages\/286\/revisions\/6508"}],"wp:attachment":[{"href":"https:\/\/asvagney.phpnet.org\/wordpress\/wordpress\/wp-json\/wp\/v2\/media?parent=286"}],"curies":[{"name":"wp","href":"https:\/\/api.w.org\/{rel}","templated":true}]}}